{"id":398,"date":"2022-01-06T17:07:37","date_gmt":"2022-01-06T16:07:37","guid":{"rendered":"http:\/\/wordpress.goathead.de\/?page_id=398"},"modified":"2022-06-23T18:31:57","modified_gmt":"2022-06-23T16:31:57","slug":"auf-tour","status":"publish","type":"page","link":"https:\/\/tales-of-trails.de\/?page_id=398","title":{"rendered":"Auf Tour"},"content":{"rendered":"\n<p>Nach ein paar Monaten Pause sind wir endlich wieder auf Tour. Der Schnee ist weg und der Fr\u00fchling ist da. Wir lieben Mittenwald und so startet unsere erste Tour gemeinsam mit dem T3 nach Mittenwald in die Geisterklamm. <\/p>\n\n\n\n<p>Wo sonst sind wir diesen Fr\u00fchling und Sommer noch unterwegs und welche Tipps haben wir f\u00fcr euch? Lest es hier im Blog nach. Viel Spa\u00df dabei!<\/p>\n\n\n\n<p>Unsere Orte im Bayrischen Wald findet ihr auch auf unserer Google Maps Liste hier:\u00a0<a href=\"https:\/\/maps.app.goo.gl\/2jpxrdaZy2Jjfu276\" target=\"_blank\" rel=\"noreferrer noopener\">https:\/\/maps.app.goo.gl\/2jpxrdaZy2Jjfu276<\/a><\/p>\n\n\n\n<p>Winter 2021\/2022: Diesen Winter gab es so einiges zu entdecken. Auf gut Gl\u00fcck haben wir uns gleich zu Saisonstart auf der Zugspitze die Top Snow Card f\u00fcr die Skigebiete der deutschen und \u00f6sterreichischen Seite der Zugspitz, sowie die Skigebeite und Bergbahnen in Garmisch-Partenkirchen, Grainau und Mittenwald.<\/p>\n\n\n\n<p>Da \u00fcber die Weihnachtsfeiertage und Neujahr das Skifahren in Garmisch und auf der Zugspitze eher von anstehen, statt von fahren gepr\u00e4gt war, gingen wir Off-the-beaten-track mal schauen, wie es so am Kranzberg ausschaut. Auch hier gilt die Top Snow Karte und es erwartete uns pures Neuschneevergn\u00fcgen.<\/p>\n\n\n\n<div class=\"wp-block-columns is-layout-flex wp-container-core-columns-is-layout-9d6595d7 wp-block-columns-is-layout-flex\">\n<div class=\"wp-block-column is-layout-flow wp-block-column-is-layout-flow\" style=\"flex-basis:100%\"><div class=\"wp-block-image\">\n<figure class=\"aligncenter size-large\"><img loading=\"lazy\" decoding=\"async\" width=\"1024\" height=\"576\" src=\"http:\/\/wordpress.goathead.de\/wp-content\/uploads\/2022\/01\/PXL_20220107_1219450802-1024x576.jpg\" alt=\"Kranzberg Pulverschnee und Sonnenschein\" class=\"wp-image-445\" srcset=\"https:\/\/tales-of-trails.de\/wp-content\/uploads\/2022\/01\/PXL_20220107_1219450802-1024x576.jpg 1024w, https:\/\/tales-of-trails.de\/wp-content\/uploads\/2022\/01\/PXL_20220107_1219450802-300x169.jpg 300w, https:\/\/tales-of-trails.de\/wp-content\/uploads\/2022\/01\/PXL_20220107_1219450802-768x432.jpg 768w, https:\/\/tales-of-trails.de\/wp-content\/uploads\/2022\/01\/PXL_20220107_1219450802-1536x864.jpg 1536w, https:\/\/tales-of-trails.de\/wp-content\/uploads\/2022\/01\/PXL_20220107_1219450802-2048x1152.jpg 2048w\" sizes=\"auto, (max-width: 1024px) 100vw, 1024px\" \/><figcaption>Kranzberg Pulverschnee und Sonnenschein<\/figcaption><\/figure>\n<\/div><\/div>\n<\/div>\n\n\n\n<div class=\"wp-block-query is-layout-flow wp-block-query-is-layout-flow\"><ul class=\"is-flex-container columns-3 wp-block-post-template is-layout-flow wp-block-post-template-is-layout-flow\"><li class=\"wp-block-post post-1509 post type-post status-publish format-standard has-post-thumbnail hentry category-fairy-kobold tag-bayrischer-wald tag-viechtach tag-wandern\">\n\n<div class=\"wp-block-group\" style=\"padding-top:30px;padding-right:30px;padding-bottom:30px;padding-left:30px\"><div class=\"wp-block-group__inner-container is-layout-flow wp-block-group-is-layout-flow\"><h2 class=\"wp-block-post-title\"><a href=\"https:\/\/tales-of-trails.de\/?p=1509\" target=\"_self\" >Der neue H\u00f6llensteinsteig am H\u00f6llensteinsee<\/a><\/h2>\n\n<div class=\"wp-block-post-excerpt\"><p class=\"wp-block-post-excerpt__excerpt\">Ein neues Wanderhighlight im Bayerischen Wald wartet darauf, entdeckt zu werden: der H\u00f6llensteinsteig am malerischen H\u00f6llensteinsee. Ende Mai 2025 offiziell er\u00f6ffnet, ist dieser Steig nichts f\u00fcr Sonntagspazierg\u00e4nger, sondern eine spannende Herausforderung f\u00fcr trittsichere und ge\u00fcbte Wanderer. Wir waren kurz nach der Er\u00f6ffnung vor Ort, um uns selbst ein Bild von diesem alpinen Naturerlebnis in &#8222;Bayerisch&hellip; <\/p><\/div>\n\n<div class=\"wp-block-post-date\"><time datetime=\"2025-10-02T12:52:21+02:00\">2. Oktober 2025<\/time><\/div><\/div><\/div>\n\n<\/li><li class=\"wp-block-post post-1429 post type-post status-publish format-standard has-post-thumbnail hentry category-fairy-kobold tag-bayrischer-wald tag-wandern\">\n\n<div class=\"wp-block-group\" style=\"padding-top:30px;padding-right:30px;padding-bottom:30px;padding-left:30px\"><div class=\"wp-block-group__inner-container is-layout-flow wp-block-group-is-layout-flow\"><h2 class=\"wp-block-post-title\"><a href=\"https:\/\/tales-of-trails.de\/?p=1429\" target=\"_self\" >Hoch hinaus im Bayerischen Wald &#8211; Der gro\u00dfe Arber<\/a><\/h2>\n\n<div class=\"wp-block-post-excerpt\"><p class=\"wp-block-post-excerpt__excerpt\">Dieses Wochenende haben wir einmal nicht die Mountainbikes dabei sondern die Wanderschuhe. Es geht zu Fu\u00df auf den gro\u00dfen Arber. Nachdem es lange gedauert hat bis sich der Sommer wieder zeigt, k\u00f6nnen wir endlich bei strahlendem Sonnenschein wieder in den Bergen herumkraxeln. Wir starten mit einer Erfrischung am Kiosk und dann geht&#8217;s linker Hand den&hellip; <\/p><\/div>\n\n<div class=\"wp-block-post-date\"><time datetime=\"2025-08-10T19:32:16+02:00\">10. August 2025<\/time><\/div><\/div><\/div>\n\n<\/li><li class=\"wp-block-post post-1413 post type-post status-publish format-standard has-post-thumbnail hentry category-fairy-kobold tag-bayrischer-wald tag-mountainbike\">\n\n<div class=\"wp-block-group\" style=\"padding-top:30px;padding-right:30px;padding-bottom:30px;padding-left:30px\"><div class=\"wp-block-group__inner-container is-layout-flow wp-block-group-is-layout-flow\"><h2 class=\"wp-block-post-title\"><a href=\"https:\/\/tales-of-trails.de\/?p=1413\" target=\"_self\" >Trailpark Bischofsmais &#8211; Alle Strecken<\/a><\/h2>\n\n<div class=\"wp-block-post-excerpt\"><p class=\"wp-block-post-excerpt__excerpt\">Der neue Trailpark Bischofsmais ist nun mit 6 von 6 Strecken ge\u00f6ffnet. 5 Strecken liegen gegen\u00fcber vom Geisskopf auf der &#8222;Teufelstisch-Seite&#8220; und die Geisskopf Flow Trail f\u00fchrt den gesamten Geisskopf au\u00dferhalb der Enduro 1 entlang. Mosswald-, Biber- und Haselmaus-Trail sind drei einfache Strecken auf flachem Waldboden, die sich ideal f\u00fcr die ersten Meter auf dem&hellip; <\/p><\/div>\n\n<div class=\"wp-block-post-date\"><time datetime=\"2025-07-23T15:16:00+02:00\">23. Juli 2025<\/time><\/div><\/div><\/div>\n\n<\/li><li class=\"wp-block-post post-1346 post type-post status-publish format-standard has-post-thumbnail hentry category-fairy-kobold tag-mittenwald tag-wandern\">\n\n<div class=\"wp-block-group\" style=\"padding-top:30px;padding-right:30px;padding-bottom:30px;padding-left:30px\"><div class=\"wp-block-group__inner-container is-layout-flow wp-block-group-is-layout-flow\"><h2 class=\"wp-block-post-title\"><a href=\"https:\/\/tales-of-trails.de\/?p=1346\" target=\"_self\" >Von Elmau zum Kranzberg<\/a><\/h2>\n\n<div class=\"wp-block-post-excerpt\"><p class=\"wp-block-post-excerpt__excerpt\">Entlang am Ferchenbach geht es vom Wanderparkplatz Elmau zum Ferchensee. <\/p><\/div>\n\n<div class=\"wp-block-post-date\"><time datetime=\"2025-05-13T12:20:14+02:00\">13. Mai 2025<\/time><\/div><\/div><\/div>\n\n<\/li><li class=\"wp-block-post post-1337 post type-post status-publish format-standard has-post-thumbnail hentry category-fairy-kobold tag-bayrischer-wald tag-biketrail tag-mountainbike\">\n\n<div class=\"wp-block-group\" style=\"padding-top:30px;padding-right:30px;padding-bottom:30px;padding-left:30px\"><div class=\"wp-block-group__inner-container is-layout-flow wp-block-group-is-layout-flow\"><h2 class=\"wp-block-post-title\"><a href=\"https:\/\/tales-of-trails.de\/?p=1337\" target=\"_self\" >Trailpark Bischofsmais &#8211; Der Mooswald-Trail<\/a><\/h2>\n\n<div class=\"wp-block-post-excerpt\"><p class=\"wp-block-post-excerpt__excerpt\">Nachdem im letzen Jahr schon der Haselmaus- und Biber-Trail gegen\u00fcber vom Geisskopf Parkplatz aufgemacht haben, ist nun der dritte Trail fertig: Der Mooswald-Trail. <\/p><\/div>\n\n<div class=\"wp-block-post-date\"><time datetime=\"2025-05-01T12:08:40+02:00\">1. Mai 2025<\/time><\/div><\/div><\/div>\n\n<\/li><li class=\"wp-block-post post-1318 post type-post status-publish format-standard has-post-thumbnail hentry category-fairy-kobold tag-bayrischer-wald tag-ski tag-skifahren\">\n\n<div class=\"wp-block-group\" style=\"padding-top:30px;padding-right:30px;padding-bottom:30px;padding-left:30px\"><div class=\"wp-block-group__inner-container is-layout-flow wp-block-group-is-layout-flow\"><h2 class=\"wp-block-post-title\"><a href=\"https:\/\/tales-of-trails.de\/?p=1318\" target=\"_self\" >Hochficht oder Der Winter ist noch nicht vorbei<\/a><\/h2>\n\n<div class=\"wp-block-post-excerpt\"><p class=\"wp-block-post-excerpt__excerpt\">Im Bayerischen Wald ist noch Winter und in den H\u00f6henlagen liegt auch noch kr\u00e4ftig Schnee. Wir machen uns auf nach Hochficht \u2013 dem \u201eGeheimtipp\u201c Skigebiet au\u00dferhalb der Alpen. <\/p><\/div>\n\n<div class=\"wp-block-post-date\"><time datetime=\"2025-02-28T10:16:48+01:00\">28. Februar 2025<\/time><\/div><\/div><\/div>\n\n<\/li><li class=\"wp-block-post post-1271 post type-post status-publish format-standard has-post-thumbnail hentry category-fairy-kobold tag-bayrischer-wald tag-ski tag-skifahren\">\n\n<div class=\"wp-block-group\" style=\"padding-top:30px;padding-right:30px;padding-bottom:30px;padding-left:30px\"><div class=\"wp-block-group__inner-container is-layout-flow wp-block-group-is-layout-flow\"><h2 class=\"wp-block-post-title\"><a href=\"https:\/\/tales-of-trails.de\/?p=1271\" target=\"_self\" >Nachtskifahren am Geisskopf<\/a><\/h2>\n\n<div class=\"wp-block-post-excerpt\"><p class=\"wp-block-post-excerpt__excerpt\">Seit dem 15. Januar kann man am Geisskopf bei Flutlicht Skifahren <\/p><\/div>\n\n<div class=\"wp-block-post-date\"><time datetime=\"2025-01-16T23:25:19+01:00\">16. Januar 2025<\/time><\/div><\/div><\/div>\n\n<\/li><li class=\"wp-block-post post-1241 post type-post status-publish format-standard has-post-thumbnail hentry category-fairy-kobold tag-bayrischer-wald tag-wandern\">\n\n<div class=\"wp-block-group\" style=\"padding-top:30px;padding-right:30px;padding-bottom:30px;padding-left:30px\"><div class=\"wp-block-group__inner-container is-layout-flow wp-block-group-is-layout-flow\"><h2 class=\"wp-block-post-title\"><a href=\"https:\/\/tales-of-trails.de\/?p=1241\" target=\"_self\" >Idyllische Sau\u00dfbachklamm bei Waldkirchen<\/a><\/h2>\n\n<div class=\"wp-block-post-excerpt\"><p class=\"wp-block-post-excerpt__excerpt\">Erfrischend und malerischen am Bach entlang geht der Wanderweg entlang des Sau\u00dfbaches. Aber nicht nur das hat Waldkirchen im Bayrischen Wald zu bieten, hier gibt es auch das beste italienische Eis au\u00dferhalb von Italien <\/p><\/div>\n\n<div class=\"wp-block-post-date\"><time datetime=\"2024-08-17T14:56:16+02:00\">17. August 2024<\/time><\/div><\/div><\/div>\n\n<\/li><li class=\"wp-block-post post-1224 post type-post status-publish format-standard has-post-thumbnail hentry category-fairy-kobold tag-bayrischer-wald tag-bike tag-geisskopf-2\">\n\n<div class=\"wp-block-group\" style=\"padding-top:30px;padding-right:30px;padding-bottom:30px;padding-left:30px\"><div class=\"wp-block-group__inner-container is-layout-flow wp-block-group-is-layout-flow\"><h2 class=\"wp-block-post-title\"><a href=\"https:\/\/tales-of-trails.de\/?p=1224\" target=\"_self\" >Bischofsmais &#8211; Der neue Trailpark am Gei\u00dfkopf<\/a><\/h2>\n\n<div class=\"wp-block-post-excerpt\"><p class=\"wp-block-post-excerpt__excerpt\">Update August 2025: Alle 6 von 6 Strecken des Trailparks sind nun er\u00f6ffnet. Mehr dar\u00fcber erfahrt ihr hier: Wie Ihr hinkommt und was Euch erwartet, erfahrt Ihr hier. Zu erreichen ist der neue Trailpark zur Zeit noch am besten mit dem Fahrrad aus Bischofsmais oder Habischried. Wer mit dem Auto kommt parkt noch ganz regul\u00e4r&hellip; <\/p><\/div>\n\n<div class=\"wp-block-post-date\"><time datetime=\"2024-08-17T13:44:46+02:00\">17. August 2024<\/time><\/div><\/div><\/div>\n\n<\/li><li class=\"wp-block-post post-1188 post type-post status-publish format-standard has-post-thumbnail hentry category-fairy-kobold tag-bayrischer-wald tag-bodenmais tag-indoor-programm\">\n\n<div class=\"wp-block-group\" style=\"padding-top:30px;padding-right:30px;padding-bottom:30px;padding-left:30px\"><div class=\"wp-block-group__inner-container is-layout-flow wp-block-group-is-layout-flow\"><h2 class=\"wp-block-post-title\"><a href=\"https:\/\/tales-of-trails.de\/?p=1188\" target=\"_self\" >Silberbergwerk Bodenmais<\/a><\/h2>\n\n<div class=\"wp-block-post-excerpt\"><p class=\"wp-block-post-excerpt__excerpt\">Schlechtwetter Programm in Bodenmais: Das stillgelegte Bergwerk im Silberberg <\/p><\/div>\n\n<div class=\"wp-block-post-date\"><time datetime=\"2024-01-07T14:31:01+01:00\">7. Januar 2024<\/time><\/div><\/div><\/div>\n\n<\/li><li class=\"wp-block-post post-1178 post type-post status-publish format-standard has-post-thumbnail hentry category-fairy-kobold tag-bayrischer-wald tag-langlauf tag-ski\">\n\n<div class=\"wp-block-group\" style=\"padding-top:30px;padding-right:30px;padding-bottom:30px;padding-left:30px\"><div class=\"wp-block-group__inner-container is-layout-flow wp-block-group-is-layout-flow\"><h2 class=\"wp-block-post-title\"><a href=\"https:\/\/tales-of-trails.de\/?p=1178\" target=\"_self\" >Skilanglauf \u00dcbungsloipe Bischofsmais: Wir probieren sie aus<\/a><\/h2>\n\n<div class=\"wp-block-post-excerpt\"><p class=\"wp-block-post-excerpt__excerpt\">Wir leihen uns Skating Langlaufski und probieren das erste Mal unser Gl\u00fcck im Kurpark auf der \u00dcbungsloipe. <\/p><\/div>\n\n<div class=\"wp-block-post-date\"><time datetime=\"2023-12-09T16:03:11+01:00\">9. Dezember 2023<\/time><\/div><\/div><\/div>\n\n<\/li><li class=\"wp-block-post post-1158 post type-post status-publish format-standard has-post-thumbnail hentry category-fairy-kobold tag-bayrischer-wald tag-schnee tag-ski tag-skitour\">\n\n<div class=\"wp-block-group\" style=\"padding-top:30px;padding-right:30px;padding-bottom:30px;padding-left:30px\"><div class=\"wp-block-group__inner-container is-layout-flow wp-block-group-is-layout-flow\"><h2 class=\"wp-block-post-title\"><a href=\"https:\/\/tales-of-trails.de\/?p=1158\" target=\"_self\" >Geisskopf: Skitour im Winter Wonderland<\/a><\/h2>\n\n<div class=\"wp-block-post-excerpt\"><p class=\"wp-block-post-excerpt__excerpt\">Mit dem ersten Schnee packen wir die Tourenskier wieder aus und stapfen durch einen halben Meter Neuschnee auf den Geisskopf. <\/p><\/div>\n\n<div class=\"wp-block-post-date\"><time datetime=\"2023-12-07T09:30:34+01:00\">7. Dezember 2023<\/time><\/div><\/div><\/div>\n\n<\/li><\/ul><\/div>\n\n\n\n<p>Alle Lifte und Bahnen, die wir mit unserer Top Snow Card ausprobiert haben, findet ihr auch auf dieser Google Maps Liste:<\/p>\n\n\n\n<p><a href=\"https:\/\/maps.app.goo.gl\/kt7Qy5HwWq5jj7gu9\">Top Snow Card Google Maps Liste<\/a><\/p>\n","protected":false},"excerpt":{"rendered":"<p>Diesen Winter gab es so einiges zu entdecken. Auf gut Gl\u00fcck haben wir uns gleich zu Saisonstart auf der Zugspitze die Top Snow Card f\u00fcr die Skigebiete der deutschen und \u00f6sterreichischen Seite der Zugspitz, sowie die Skigebeite und Bergbahnen in Garmisch-Partenkircn, Grainau und Mittenwald. Da \u00fcber die Weihnachtsfeiertage und Neujahr das Skifahren in Garmisch und\u2026\u00a0Weiterlesen \u00bbAuf Tour <\/p>\n","protected":false},"author":2,"featured_media":399,"parent":0,"menu_order":0,"comment_status":"closed","ping_status":"closed","template":"","meta":{"neve_meta_sidebar":"","neve_meta_container":"","neve_meta_enable_content_width":"","neve_meta_content_width":0,"neve_meta_title_alignment":"","neve_meta_author_avatar":"","neve_post_elements_order":"","neve_meta_disable_header":"","neve_meta_disable_footer":"","neve_meta_disable_title":"","footnotes":""},"class_list":["post-398","page","type-page","status-publish","has-post-thumbnail","hentry"],"yoast_head":"<!-- This site is optimized with the Yoast SEO plugin v27.4 - https:\/\/yoast.com\/product\/yoast-seo-wordpress\/ -->\n<title>Auf Tour | Tales-of-Trails<\/title>\n<meta name=\"robots\" content=\"index, follow, max-snippet:-1, max-image-preview:large, max-video-preview:-1\" \/>\n<link rel=\"canonical\" href=\"https:\/\/tales-of-trails.de\/?page_id=398\" \/>\n<meta property=\"og:locale\" content=\"de_DE\" \/>\n<meta property=\"og:type\" content=\"article\" \/>\n<meta property=\"og:title\" content=\"Auf Tour | Tales-of-Trails\" \/>\n<meta property=\"og:description\" content=\"Diesen Winter gab es so einiges zu entdecken. Auf gut Gl\u00fcck haben wir uns gleich zu Saisonstart auf der Zugspitze die Top Snow Card f\u00fcr die Skigebiete der deutschen und \u00f6sterreichischen Seite der Zugspitz, sowie die Skigebeite und Bergbahnen in Garmisch-Partenkircn, Grainau und Mittenwald. Da \u00fcber die Weihnachtsfeiertage und Neujahr das Skifahren in Garmisch und\u2026\u00a0Weiterlesen \u00bbAuf Tour\" \/>\n<meta property=\"og:url\" content=\"https:\/\/tales-of-trails.de\/?page_id=398\" \/>\n<meta property=\"og:site_name\" content=\"Tales-of-Trails\" \/>\n<meta property=\"article:modified_time\" content=\"2022-06-23T16:31:57+00:00\" \/>\n<meta property=\"og:image\" content=\"https:\/\/tales-of-trails.de\/wp-content\/uploads\/2022\/01\/PXL_20201229_132001433.NIGHT_2-scaled.jpg\" \/>\n\t<meta property=\"og:image:width\" content=\"2560\" \/>\n\t<meta property=\"og:image:height\" content=\"1440\" \/>\n\t<meta property=\"og:image:type\" content=\"image\/jpeg\" \/>\n<meta name=\"twitter:card\" content=\"summary_large_image\" \/>\n<meta name=\"twitter:label1\" content=\"Gesch\u00e4tzte Lesezeit\" \/>\n\t<meta name=\"twitter:data1\" content=\"2\u00a0Minuten\" \/>\n<script type=\"application\/ld+json\" class=\"yoast-schema-graph\">{\"@context\":\"https:\\\/\\\/schema.org\",\"@graph\":[{\"@type\":\"WebPage\",\"@id\":\"https:\\\/\\\/tales-of-trails.de\\\/?page_id=398\",\"url\":\"https:\\\/\\\/tales-of-trails.de\\\/?page_id=398\",\"name\":\"Auf Tour | Tales-of-Trails\",\"isPartOf\":{\"@id\":\"https:\\\/\\\/tales-of-trails.de\\\/#website\"},\"primaryImageOfPage\":{\"@id\":\"https:\\\/\\\/tales-of-trails.de\\\/?page_id=398#primaryimage\"},\"image\":{\"@id\":\"https:\\\/\\\/tales-of-trails.de\\\/?page_id=398#primaryimage\"},\"thumbnailUrl\":\"https:\\\/\\\/tales-of-trails.de\\\/wp-content\\\/uploads\\\/2022\\\/01\\\/PXL_20201229_132001433.NIGHT_2-scaled.jpg\",\"datePublished\":\"2022-01-06T16:07:37+00:00\",\"dateModified\":\"2022-06-23T16:31:57+00:00\",\"breadcrumb\":{\"@id\":\"https:\\\/\\\/tales-of-trails.de\\\/?page_id=398#breadcrumb\"},\"inLanguage\":\"de\",\"potentialAction\":[{\"@type\":\"ReadAction\",\"target\":[\"https:\\\/\\\/tales-of-trails.de\\\/?page_id=398\"]}]},{\"@type\":\"ImageObject\",\"inLanguage\":\"de\",\"@id\":\"https:\\\/\\\/tales-of-trails.de\\\/?page_id=398#primaryimage\",\"url\":\"https:\\\/\\\/tales-of-trails.de\\\/wp-content\\\/uploads\\\/2022\\\/01\\\/PXL_20201229_132001433.NIGHT_2-scaled.jpg\",\"contentUrl\":\"https:\\\/\\\/tales-of-trails.de\\\/wp-content\\\/uploads\\\/2022\\\/01\\\/PXL_20201229_132001433.NIGHT_2-scaled.jpg\",\"width\":2560,\"height\":1440,\"caption\":\"Caroline und Matthias\"},{\"@type\":\"BreadcrumbList\",\"@id\":\"https:\\\/\\\/tales-of-trails.de\\\/?page_id=398#breadcrumb\",\"itemListElement\":[{\"@type\":\"ListItem\",\"position\":1,\"name\":\"Startseite\",\"item\":\"https:\\\/\\\/tales-of-trails.de\\\/\"},{\"@type\":\"ListItem\",\"position\":2,\"name\":\"Auf Tour\"}]},{\"@type\":\"WebSite\",\"@id\":\"https:\\\/\\\/tales-of-trails.de\\\/#website\",\"url\":\"https:\\\/\\\/tales-of-trails.de\\\/\",\"name\":\"Tales-of-Trails\",\"description\":\"Berg & Outdoor Blog\",\"publisher\":{\"@id\":\"https:\\\/\\\/tales-of-trails.de\\\/#\\\/schema\\\/person\\\/0761aa4d67504a8d067762a47a7a1017\"},\"potentialAction\":[{\"@type\":\"SearchAction\",\"target\":{\"@type\":\"EntryPoint\",\"urlTemplate\":\"https:\\\/\\\/tales-of-trails.de\\\/?s={search_term_string}\"},\"query-input\":{\"@type\":\"PropertyValueSpecification\",\"valueRequired\":true,\"valueName\":\"search_term_string\"}}],\"inLanguage\":\"de\"},{\"@type\":[\"Person\",\"Organization\"],\"@id\":\"https:\\\/\\\/tales-of-trails.de\\\/#\\\/schema\\\/person\\\/0761aa4d67504a8d067762a47a7a1017\",\"name\":\"schwaiger\",\"image\":{\"@type\":\"ImageObject\",\"inLanguage\":\"de\",\"@id\":\"http:\\\/\\\/wordpress.goathead.de\\\/wp-content\\\/uploads\\\/2022\\\/01\\\/PXL_20211023_150529116.MP2_.jpg\",\"url\":\"http:\\\/\\\/wordpress.goathead.de\\\/wp-content\\\/uploads\\\/2022\\\/01\\\/PXL_20211023_150529116.MP2_.jpg\",\"contentUrl\":\"http:\\\/\\\/wordpress.goathead.de\\\/wp-content\\\/uploads\\\/2022\\\/01\\\/PXL_20211023_150529116.MP2_.jpg\",\"width\":679,\"height\":873,\"caption\":\"schwaiger\"},\"logo\":{\"@id\":\"http:\\\/\\\/wordpress.goathead.de\\\/wp-content\\\/uploads\\\/2022\\\/01\\\/PXL_20211023_150529116.MP2_.jpg\"},\"description\":\"Riding trails and stuff.... so I'am... I guess\",\"sameAs\":[\"https:\\\/\\\/www.vielfrass-engineering.de\"]}]}<\/script>\n<!-- \/ Yoast SEO plugin. -->","yoast_head_json":{"title":"Auf Tour | Tales-of-Trails","robots":{"index":"index","follow":"follow","max-snippet":"max-snippet:-1","max-image-preview":"max-image-preview:large","max-video-preview":"max-video-preview:-1"},"canonical":"https:\/\/tales-of-trails.de\/?page_id=398","og_locale":"de_DE","og_type":"article","og_title":"Auf Tour | Tales-of-Trails","og_description":"Diesen Winter gab es so einiges zu entdecken. Auf gut Gl\u00fcck haben wir uns gleich zu Saisonstart auf der Zugspitze die Top Snow Card f\u00fcr die Skigebiete der deutschen und \u00f6sterreichischen Seite der Zugspitz, sowie die Skigebeite und Bergbahnen in Garmisch-Partenkircn, Grainau und Mittenwald. Da \u00fcber die Weihnachtsfeiertage und Neujahr das Skifahren in Garmisch und\u2026\u00a0Weiterlesen \u00bbAuf Tour","og_url":"https:\/\/tales-of-trails.de\/?page_id=398","og_site_name":"Tales-of-Trails","article_modified_time":"2022-06-23T16:31:57+00:00","og_image":[{"width":2560,"height":1440,"url":"https:\/\/tales-of-trails.de\/wp-content\/uploads\/2022\/01\/PXL_20201229_132001433.NIGHT_2-scaled.jpg","type":"image\/jpeg"}],"twitter_card":"summary_large_image","twitter_misc":{"Gesch\u00e4tzte Lesezeit":"2\u00a0Minuten"},"schema":{"@context":"https:\/\/schema.org","@graph":[{"@type":"WebPage","@id":"https:\/\/tales-of-trails.de\/?page_id=398","url":"https:\/\/tales-of-trails.de\/?page_id=398","name":"Auf Tour | Tales-of-Trails","isPartOf":{"@id":"https:\/\/tales-of-trails.de\/#website"},"primaryImageOfPage":{"@id":"https:\/\/tales-of-trails.de\/?page_id=398#primaryimage"},"image":{"@id":"https:\/\/tales-of-trails.de\/?page_id=398#primaryimage"},"thumbnailUrl":"https:\/\/tales-of-trails.de\/wp-content\/uploads\/2022\/01\/PXL_20201229_132001433.NIGHT_2-scaled.jpg","datePublished":"2022-01-06T16:07:37+00:00","dateModified":"2022-06-23T16:31:57+00:00","breadcrumb":{"@id":"https:\/\/tales-of-trails.de\/?page_id=398#breadcrumb"},"inLanguage":"de","potentialAction":[{"@type":"ReadAction","target":["https:\/\/tales-of-trails.de\/?page_id=398"]}]},{"@type":"ImageObject","inLanguage":"de","@id":"https:\/\/tales-of-trails.de\/?page_id=398#primaryimage","url":"https:\/\/tales-of-trails.de\/wp-content\/uploads\/2022\/01\/PXL_20201229_132001433.NIGHT_2-scaled.jpg","contentUrl":"https:\/\/tales-of-trails.de\/wp-content\/uploads\/2022\/01\/PXL_20201229_132001433.NIGHT_2-scaled.jpg","width":2560,"height":1440,"caption":"Caroline und Matthias"},{"@type":"BreadcrumbList","@id":"https:\/\/tales-of-trails.de\/?page_id=398#breadcrumb","itemListElement":[{"@type":"ListItem","position":1,"name":"Startseite","item":"https:\/\/tales-of-trails.de\/"},{"@type":"ListItem","position":2,"name":"Auf Tour"}]},{"@type":"WebSite","@id":"https:\/\/tales-of-trails.de\/#website","url":"https:\/\/tales-of-trails.de\/","name":"Tales-of-Trails","description":"Berg & Outdoor Blog","publisher":{"@id":"https:\/\/tales-of-trails.de\/#\/schema\/person\/0761aa4d67504a8d067762a47a7a1017"},"potentialAction":[{"@type":"SearchAction","target":{"@type":"EntryPoint","urlTemplate":"https:\/\/tales-of-trails.de\/?s={search_term_string}"},"query-input":{"@type":"PropertyValueSpecification","valueRequired":true,"valueName":"search_term_string"}}],"inLanguage":"de"},{"@type":["Person","Organization"],"@id":"https:\/\/tales-of-trails.de\/#\/schema\/person\/0761aa4d67504a8d067762a47a7a1017","name":"schwaiger","image":{"@type":"ImageObject","inLanguage":"de","@id":"http:\/\/wordpress.goathead.de\/wp-content\/uploads\/2022\/01\/PXL_20211023_150529116.MP2_.jpg","url":"http:\/\/wordpress.goathead.de\/wp-content\/uploads\/2022\/01\/PXL_20211023_150529116.MP2_.jpg","contentUrl":"http:\/\/wordpress.goathead.de\/wp-content\/uploads\/2022\/01\/PXL_20211023_150529116.MP2_.jpg","width":679,"height":873,"caption":"schwaiger"},"logo":{"@id":"http:\/\/wordpress.goathead.de\/wp-content\/uploads\/2022\/01\/PXL_20211023_150529116.MP2_.jpg"},"description":"Riding trails and stuff.... so I'am... I guess","sameAs":["https:\/\/www.vielfrass-engineering.de"]}]}},"_links":{"self":[{"href":"https:\/\/tales-of-trails.de\/index.php?rest_route=\/wp\/v2\/pages\/398","targetHints":{"allow":["GET"]}}],"collection":[{"href":"https:\/\/tales-of-trails.de\/index.php?rest_route=\/wp\/v2\/pages"}],"about":[{"href":"https:\/\/tales-of-trails.de\/index.php?rest_route=\/wp\/v2\/types\/page"}],"author":[{"embeddable":true,"href":"https:\/\/tales-of-trails.de\/index.php?rest_route=\/wp\/v2\/users\/2"}],"replies":[{"embeddable":true,"href":"https:\/\/tales-of-trails.de\/index.php?rest_route=%2Fwp%2Fv2%2Fcomments&post=398"}],"version-history":[{"count":10,"href":"https:\/\/tales-of-trails.de\/index.php?rest_route=\/wp\/v2\/pages\/398\/revisions"}],"predecessor-version":[{"id":844,"href":"https:\/\/tales-of-trails.de\/index.php?rest_route=\/wp\/v2\/pages\/398\/revisions\/844"}],"wp:featuredmedia":[{"embeddable":true,"href":"https:\/\/tales-of-trails.de\/index.php?rest_route=\/wp\/v2\/media\/399"}],"wp:attachment":[{"href":"https:\/\/tales-of-trails.de\/index.php?rest_route=%2Fwp%2Fv2%2Fmedia&parent=398"}],"curies":[{"name":"wp","href":"https:\/\/api.w.org\/{rel}","templated":true}]}}