{"id":993,"date":"2023-03-19T12:30:33","date_gmt":"2023-03-19T11:30:33","guid":{"rendered":"http:\/\/wordpress.goathead.de\/?page_id=993"},"modified":"2023-03-19T14:50:56","modified_gmt":"2023-03-19T13:50:56","slug":"bayrischer-wald","status":"publish","type":"page","link":"https:\/\/tales-of-trails.de\/?page_id=993","title":{"rendered":"Bayrischer Wald"},"content":{"rendered":"\n<p>Der Bayerische Wald ist ein wundersch\u00f6nes Gebirge im S\u00fcdosten Deutschlands und bietet einzigartige Naturerlebnisse sowie eine F\u00fclle an Aktivit\u00e4ten f\u00fcr Besucher.<\/p>\n\n\n\n<p>Das Gebirge erstreckt sich \u00fcber eine Fl\u00e4che von etwa 100 km\u00b2 und ist der gr\u00f6\u00dfte zusammenh\u00e4ngende Wald in Europa. Es ist auch Heimat vieler Tierarten, darunter Luchse, W\u00f6lfe, B\u00e4ren und Hirsche. Der Bayerische Wald bietet somit eine ideale Gelegenheit, die Natur zu erkunden und Wildtiere in ihrem nat\u00fcrlichen Lebensraum zu beobachten.<\/p>\n\n\n\n<p>Es gibt eine Vielzahl von Aktivit\u00e4ten im Bayerischen Wald, die f\u00fcr alle Altersgruppen geeignet sind. Wandern, Radfahren und Skifahren sind nur einige der beliebtesten Freizeitaktivit\u00e4ten. Es gibt auch eine F\u00fclle von Sehensw\u00fcrdigkeiten in der Region, darunter die Burgruine Wei\u00dfenstein und die Dreifl\u00fcssestadt Passau. <\/p>\n\n\n\n<p>Die Gegend ist auch bekannt f\u00fcr ihre Glasbl\u00e4serei und es gibt viele Werkst\u00e4tten und Museen, die besucht werden k\u00f6nnen, um mehr \u00fcber diese Handwerkskunst zu erfahren.Eine weitere beliebte Attraktion im Bayerischen Wald ist der Nationalpark Bayerischer Wald. Dieser Nationalpark ist einer der \u00e4ltesten und bekanntesten in Deutschland und wurde 1970 gegr\u00fcndet. Er ist ein Paradies f\u00fcr Naturliebhaber und bietet eine unber\u00fchrte Landschaft mit vielen Wanderwegen und Beobachtungspunkten, die die Besucher dazu einladen, die Tier- und Pflanzenwelt in ihrem nat\u00fcrlichen Lebensraum zu erleben.<\/p>\n\n\n\n<p>Der Bayerische Wald ist auch f\u00fcr seine kulinarischen K\u00f6stlichkeiten bekannt, insbesondere f\u00fcr seine deftigen bayerischen Spezialit\u00e4ten wie Wei\u00dfwurst, Schweinshaxe und Brezen. Die Region ist auch bekannt f\u00fcr ihre Braukunst, und es gibt viele Brauereien, in denen Besucher lokale Biere verkosten und mehr \u00fcber die Geschichte und Herstellung dieser Getr\u00e4nke erfahren k\u00f6nnen.<\/p>\n\n\n\n<p>Insgesamt bietet der Bayerische Wald eine F\u00fclle von Aktivit\u00e4ten, die die Besucher dazu einladen, die Natur, Kultur und Geschichte dieser Region zu erkunden. Egal ob Sie Wandern, Radfahren, Skifahren, Glasbl\u00e4serei besichtigen oder einfach nur die lokale K\u00fcche genie\u00dfen m\u00f6chten, der Bayerische Wald bietet f\u00fcr jeden etwas. Es ist ein ideales Ziel f\u00fcr alle, die ein paar Tage inmitten der Natur und fernab vom Alltag verbringen m\u00f6chten.<\/p>\n\n\n\n<div class=\"wp-block-query is-layout-flow wp-block-query-is-layout-flow\"><ul class=\"aligncenter wp-block-post-template is-layout-flow wp-block-post-template-is-layout-flow\"><li class=\"wp-block-post post-1124 post type-post status-publish format-standard has-post-thumbnail hentry category-fairy-kobold tag-bayrischer-wald tag-wandern\">\n<h2 class=\"wp-block-post-title\"><a href=\"https:\/\/tales-of-trails.de\/?p=1124\" target=\"_blank\" >Bayrischer Wald: Bornstein<\/a><\/h2>\n\n<figure class=\"alignwide wp-block-post-featured-image\"><a href=\"https:\/\/tales-of-trails.de\/?p=1124\" target=\"_self\"  ><img loading=\"lazy\" decoding=\"async\" width=\"2560\" height=\"1440\" src=\"https:\/\/tales-of-trails.de\/wp-content\/uploads\/2023\/10\/PXL_20231024_151036120-scaled.jpg\" class=\"attachment-post-thumbnail size-post-thumbnail wp-post-image\" alt=\"Bayrischer Wald: Bornstein\" style=\"object-fit:cover;\" srcset=\"https:\/\/tales-of-trails.de\/wp-content\/uploads\/2023\/10\/PXL_20231024_151036120-scaled.jpg 2560w, https:\/\/tales-of-trails.de\/wp-content\/uploads\/2023\/10\/PXL_20231024_151036120-300x169.jpg 300w, https:\/\/tales-of-trails.de\/wp-content\/uploads\/2023\/10\/PXL_20231024_151036120-1024x576.jpg 1024w, https:\/\/tales-of-trails.de\/wp-content\/uploads\/2023\/10\/PXL_20231024_151036120-768x432.jpg 768w, https:\/\/tales-of-trails.de\/wp-content\/uploads\/2023\/10\/PXL_20231024_151036120-1536x864.jpg 1536w, https:\/\/tales-of-trails.de\/wp-content\/uploads\/2023\/10\/PXL_20231024_151036120-2048x1152.jpg 2048w\" sizes=\"auto, (max-width: 2560px) 100vw, 2560px\" \/><\/a><\/figure>\n\n<div class=\"wp-block-post-excerpt\"><p class=\"wp-block-post-excerpt__excerpt\">Auf einem kleinen Abendspaziergang entdecken wir den Bornstein. Die Felsformationen liegt auf dem sogenannten &#8222;Pfahl&#8220;, der von Cham aus und bis \u00fcber die Burg Wei\u00dfenstein hinaus verl\u00e4uft. <\/p><\/div>\n\n\n<hr class=\"wp-block-separator has-css-opacity\"\/>\n\n\n<div class=\"wp-block-post-date\"><time datetime=\"2023-10-25T14:33:07+02:00\">25. Oktober 2023<\/time><\/div>\n<\/li><li class=\"wp-block-post post-977 post type-post status-publish format-standard has-post-thumbnail hentry category-fairy-kobold tag-bayrischer-wald tag-schnee tag-ski tag-skifahren\">\n<h2 class=\"wp-block-post-title\"><a href=\"https:\/\/tales-of-trails.de\/?p=977\" target=\"_blank\" >Bayrischer Wald &#8211; Skifahren am Gro\u00dfen Arber<\/a><\/h2>\n\n<figure class=\"alignwide wp-block-post-featured-image\"><a href=\"https:\/\/tales-of-trails.de\/?p=977\" target=\"_self\"  ><img loading=\"lazy\" decoding=\"async\" width=\"2560\" height=\"1440\" src=\"https:\/\/tales-of-trails.de\/wp-content\/uploads\/2023\/02\/PXL_20230225_1340237862-scaled.jpg\" class=\"attachment-post-thumbnail size-post-thumbnail wp-post-image\" alt=\"Bayrischer Wald &#8211; Skifahren am Gro\u00dfen Arber\" style=\"object-fit:cover;\" srcset=\"https:\/\/tales-of-trails.de\/wp-content\/uploads\/2023\/02\/PXL_20230225_1340237862-scaled.jpg 2560w, https:\/\/tales-of-trails.de\/wp-content\/uploads\/2023\/02\/PXL_20230225_1340237862-300x169.jpg 300w, https:\/\/tales-of-trails.de\/wp-content\/uploads\/2023\/02\/PXL_20230225_1340237862-1024x576.jpg 1024w, https:\/\/tales-of-trails.de\/wp-content\/uploads\/2023\/02\/PXL_20230225_1340237862-768x432.jpg 768w, https:\/\/tales-of-trails.de\/wp-content\/uploads\/2023\/02\/PXL_20230225_1340237862-1536x864.jpg 1536w, https:\/\/tales-of-trails.de\/wp-content\/uploads\/2023\/02\/PXL_20230225_1340237862-2048x1152.jpg 2048w\" sizes=\"auto, (max-width: 2560px) 100vw, 2560px\" \/><\/a><\/figure>\n\n<div class=\"wp-block-post-excerpt\"><p class=\"wp-block-post-excerpt__excerpt\">Nach einigen Tagen Schneeschmelze mit Regen im bayrischen Wald schneit es endlich wieder und es geht an den gro\u00dfen Arber. Die Pisten sind pr\u00e4pariert aber vom vorhergehenden Tauwetter teils stark vereist. <\/p><\/div>\n\n\n<hr class=\"wp-block-separator has-css-opacity\"\/>\n\n\n<div class=\"wp-block-post-date\"><time datetime=\"2023-02-26T10:54:17+01:00\">26. Februar 2023<\/time><\/div>\n<\/li><li class=\"wp-block-post post-833 post type-post status-publish format-standard has-post-thumbnail hentry category-fairy-kobold tag-bayrischer-wald tag-falkenstein tag-wildgehege\">\n<h2 class=\"wp-block-post-title\"><a href=\"https:\/\/tales-of-trails.de\/?p=833\" target=\"_blank\" >Nationalpark Bayrischer Wald &#8211; Wildgehege Falkenstein und Steinzeith\u00f6hle<\/a><\/h2>\n\n<figure class=\"alignwide wp-block-post-featured-image\"><a href=\"https:\/\/tales-of-trails.de\/?p=833\" target=\"_self\"  ><img loading=\"lazy\" decoding=\"async\" width=\"1920\" height=\"1080\" src=\"https:\/\/tales-of-trails.de\/wp-content\/uploads\/2022\/06\/PXL_20220620_141957749_exported_931_1655888077518.jpg\" class=\"attachment-post-thumbnail size-post-thumbnail wp-post-image\" alt=\"Nationalpark Bayrischer Wald &#8211; Wildgehege Falkenstein und Steinzeith\u00f6hle\" style=\"object-fit:cover;\" srcset=\"https:\/\/tales-of-trails.de\/wp-content\/uploads\/2022\/06\/PXL_20220620_141957749_exported_931_1655888077518.jpg 1920w, https:\/\/tales-of-trails.de\/wp-content\/uploads\/2022\/06\/PXL_20220620_141957749_exported_931_1655888077518-300x169.jpg 300w, https:\/\/tales-of-trails.de\/wp-content\/uploads\/2022\/06\/PXL_20220620_141957749_exported_931_1655888077518-1024x576.jpg 1024w, https:\/\/tales-of-trails.de\/wp-content\/uploads\/2022\/06\/PXL_20220620_141957749_exported_931_1655888077518-768x432.jpg 768w, https:\/\/tales-of-trails.de\/wp-content\/uploads\/2022\/06\/PXL_20220620_141957749_exported_931_1655888077518-1536x864.jpg 1536w\" sizes=\"auto, (max-width: 1920px) 100vw, 1920px\" \/><\/a><\/figure>\n\n<div class=\"wp-block-post-excerpt\"><p class=\"wp-block-post-excerpt__excerpt\">Im Nationalparkzentrum Falkenstein finden wir neben sch\u00f6nen und gut ausgebauten Wanderwegen ein paar Infos zu Klima, Klimawandel &#038; zum Nationalpark himself. <\/p><\/div>\n\n\n<hr class=\"wp-block-separator has-css-opacity\"\/>\n\n\n<div class=\"wp-block-post-date\"><time datetime=\"2022-06-22T14:02:46+02:00\">22. Juni 2022<\/time><\/div>\n<\/li><li class=\"wp-block-post post-824 post type-post status-publish format-standard has-post-thumbnail hentry category-fairy-kobold tag-bayrischer-wald tag-nationalpark tag-wildfreigehege\">\n<h2 class=\"wp-block-post-title\"><a href=\"https:\/\/tales-of-trails.de\/?p=824\" target=\"_blank\" >Nationalpark Bayrischer Wald &#8211; Wildfreigehege Lusen<\/a><\/h2>\n\n<figure class=\"alignwide wp-block-post-featured-image\"><a href=\"https:\/\/tales-of-trails.de\/?p=824\" target=\"_self\"  ><img loading=\"lazy\" decoding=\"async\" width=\"1440\" height=\"2560\" src=\"https:\/\/tales-of-trails.de\/wp-content\/uploads\/2022\/06\/PXL_20220621_150326693-scaled.jpg\" class=\"attachment-post-thumbnail size-post-thumbnail wp-post-image\" alt=\"Nationalpark Bayrischer Wald &#8211; Wildfreigehege Lusen\" style=\"object-fit:cover;\" srcset=\"https:\/\/tales-of-trails.de\/wp-content\/uploads\/2022\/06\/PXL_20220621_150326693-scaled.jpg 1440w, https:\/\/tales-of-trails.de\/wp-content\/uploads\/2022\/06\/PXL_20220621_150326693-169x300.jpg 169w, https:\/\/tales-of-trails.de\/wp-content\/uploads\/2022\/06\/PXL_20220621_150326693-576x1024.jpg 576w, https:\/\/tales-of-trails.de\/wp-content\/uploads\/2022\/06\/PXL_20220621_150326693-768x1365.jpg 768w, https:\/\/tales-of-trails.de\/wp-content\/uploads\/2022\/06\/PXL_20220621_150326693-864x1536.jpg 864w, https:\/\/tales-of-trails.de\/wp-content\/uploads\/2022\/06\/PXL_20220621_150326693-1152x2048.jpg 1152w\" sizes=\"auto, (max-width: 1440px) 100vw, 1440px\" \/><\/a><\/figure>\n\n<div class=\"wp-block-post-excerpt\"><p class=\"wp-block-post-excerpt__excerpt\">Mitten im bayrischen Wald gelegen finden wir das Nationalparkzentrum Lusen. Hierbei handelt es sich um ein gro\u00dfes Areal mit diversen Tierfreigehegen und einem schwindelerregenden Baumwipfelpfad. <\/p><\/div>\n\n\n<hr class=\"wp-block-separator has-css-opacity\"\/>\n\n\n<div class=\"wp-block-post-date\"><time datetime=\"2022-06-22T11:22:02+02:00\">22. Juni 2022<\/time><\/div>\n<\/li><li class=\"wp-block-post post-815 post type-post status-publish format-standard has-post-thumbnail hentry category-fairy-kobold tag-bayrischer-wald tag-drohne\">\n<h2 class=\"wp-block-post-title\"><a href=\"https:\/\/tales-of-trails.de\/?p=815\" target=\"_blank\" >Drohnenflug im bayrischen Wald<\/a><\/h2>\n\n<figure class=\"alignwide wp-block-post-featured-image\"><a href=\"https:\/\/tales-of-trails.de\/?p=815\" target=\"_self\"  ><img loading=\"lazy\" decoding=\"async\" width=\"2560\" height=\"1440\" src=\"https:\/\/tales-of-trails.de\/wp-content\/uploads\/2022\/06\/PXL_20220619_183458400-scaled.jpg\" class=\"attachment-post-thumbnail size-post-thumbnail wp-post-image\" alt=\"Drohnenflug im bayrischen Wald\" style=\"object-fit:cover;\" srcset=\"https:\/\/tales-of-trails.de\/wp-content\/uploads\/2022\/06\/PXL_20220619_183458400-scaled.jpg 2560w, https:\/\/tales-of-trails.de\/wp-content\/uploads\/2022\/06\/PXL_20220619_183458400-300x169.jpg 300w, https:\/\/tales-of-trails.de\/wp-content\/uploads\/2022\/06\/PXL_20220619_183458400-1024x576.jpg 1024w, https:\/\/tales-of-trails.de\/wp-content\/uploads\/2022\/06\/PXL_20220619_183458400-768x432.jpg 768w, https:\/\/tales-of-trails.de\/wp-content\/uploads\/2022\/06\/PXL_20220619_183458400-1536x864.jpg 1536w, https:\/\/tales-of-trails.de\/wp-content\/uploads\/2022\/06\/PXL_20220619_183458400-2048x1152.jpg 2048w\" sizes=\"auto, (max-width: 2560px) 100vw, 2560px\" \/><\/a><\/figure>\n\n<div class=\"wp-block-post-excerpt\"><p class=\"wp-block-post-excerpt__excerpt\">Heute ging es mit der Drohne in den bayrischen Wald, genau genommen nach Zwiesel. <\/p><\/div>\n\n\n<hr class=\"wp-block-separator has-css-opacity\"\/>\n\n\n<div class=\"wp-block-post-date\"><time datetime=\"2022-06-20T11:01:13+02:00\">20. Juni 2022<\/time><\/div>\n<\/li><\/ul><\/div>\n","protected":false},"excerpt":{"rendered":"<p>Der Bayerische Wald ist ein wundersch\u00f6nes Gebirge im S\u00fcdosten Deutschlands und bietet einzigartige Naturerlebnisse sowie eine F\u00fclle an Aktivit\u00e4ten f\u00fcr Besucher. Das Gebirge erstreckt sich \u00fcber eine Fl\u00e4che von etwa 100 km\u00b2 und ist der gr\u00f6\u00dfte zusammenh\u00e4ngende Wald in Europa. Es ist auch Heimat vieler Tierarten, darunter Luchse, W\u00f6lfe, B\u00e4ren und Hirsche. Der Bayerische Wald [&hellip;]<\/p>\n","protected":false},"author":2,"featured_media":958,"parent":0,"menu_order":0,"comment_status":"closed","ping_status":"closed","template":"","meta":{"neve_meta_sidebar":"","neve_meta_container":"","neve_meta_enable_content_width":"","neve_meta_content_width":0,"neve_meta_title_alignment":"","neve_meta_author_avatar":"","neve_post_elements_order":"","neve_meta_disable_header":"","neve_meta_disable_footer":"","neve_meta_disable_title":"","footnotes":""},"class_list":["post-993","page","type-page","status-publish","has-post-thumbnail","hentry"],"yoast_head":"<!-- This site is optimized with the Yoast SEO plugin v27.4 - https:\/\/yoast.com\/product\/yoast-seo-wordpress\/ -->\n<title>Bayrischer Wald | Tales-of-Trails<\/title>\n<meta name=\"description\" content=\"Der Bayerische Wald ist ein wundersch\u00f6nes Gebirge im S\u00fcdosten Deutschlands und bietet einzigartige Naturerlebnisse.\" \/>\n<meta name=\"robots\" content=\"index, follow, max-snippet:-1, max-image-preview:large, max-video-preview:-1\" \/>\n<link rel=\"canonical\" href=\"https:\/\/tales-of-trails.de\/?page_id=993\" \/>\n<meta property=\"og:locale\" content=\"de_DE\" \/>\n<meta property=\"og:type\" content=\"article\" \/>\n<meta property=\"og:title\" content=\"Bayrischer Wald | Tales-of-Trails\" \/>\n<meta property=\"og:description\" content=\"Der Bayerische Wald ist ein wundersch\u00f6nes Gebirge im S\u00fcdosten Deutschlands und bietet einzigartige Naturerlebnisse.\" \/>\n<meta property=\"og:url\" content=\"https:\/\/tales-of-trails.de\/?page_id=993\" \/>\n<meta property=\"og:site_name\" content=\"Tales-of-Trails\" \/>\n<meta property=\"article:modified_time\" content=\"2023-03-19T13:50:56+00:00\" \/>\n<meta property=\"og:image\" content=\"https:\/\/tales-of-trails.de\/wp-content\/uploads\/2023\/02\/PXL_20230204_1407598352-scaled.jpg\" \/>\n\t<meta property=\"og:image:width\" content=\"2560\" \/>\n\t<meta property=\"og:image:height\" content=\"1440\" \/>\n\t<meta property=\"og:image:type\" content=\"image\/jpeg\" \/>\n<meta name=\"twitter:card\" content=\"summary_large_image\" \/>\n<meta name=\"twitter:label1\" content=\"Gesch\u00e4tzte Lesezeit\" \/>\n\t<meta name=\"twitter:data1\" content=\"2\u00a0Minuten\" \/>\n<script type=\"application\/ld+json\" class=\"yoast-schema-graph\">{\"@context\":\"https:\\\/\\\/schema.org\",\"@graph\":[{\"@type\":\"WebPage\",\"@id\":\"https:\\\/\\\/tales-of-trails.de\\\/?page_id=993\",\"url\":\"https:\\\/\\\/tales-of-trails.de\\\/?page_id=993\",\"name\":\"Bayrischer Wald | Tales-of-Trails\",\"isPartOf\":{\"@id\":\"https:\\\/\\\/tales-of-trails.de\\\/#website\"},\"primaryImageOfPage\":{\"@id\":\"https:\\\/\\\/tales-of-trails.de\\\/?page_id=993#primaryimage\"},\"image\":{\"@id\":\"https:\\\/\\\/tales-of-trails.de\\\/?page_id=993#primaryimage\"},\"thumbnailUrl\":\"https:\\\/\\\/tales-of-trails.de\\\/wp-content\\\/uploads\\\/2023\\\/02\\\/PXL_20230204_1407598352-scaled.jpg\",\"datePublished\":\"2023-03-19T11:30:33+00:00\",\"dateModified\":\"2023-03-19T13:50:56+00:00\",\"description\":\"Der Bayerische Wald ist ein wundersch\u00f6nes Gebirge im S\u00fcdosten Deutschlands und bietet einzigartige Naturerlebnisse.\",\"breadcrumb\":{\"@id\":\"https:\\\/\\\/tales-of-trails.de\\\/?page_id=993#breadcrumb\"},\"inLanguage\":\"de\",\"potentialAction\":[{\"@type\":\"ReadAction\",\"target\":[\"https:\\\/\\\/tales-of-trails.de\\\/?page_id=993\"]}]},{\"@type\":\"ImageObject\",\"inLanguage\":\"de\",\"@id\":\"https:\\\/\\\/tales-of-trails.de\\\/?page_id=993#primaryimage\",\"url\":\"https:\\\/\\\/tales-of-trails.de\\\/wp-content\\\/uploads\\\/2023\\\/02\\\/PXL_20230204_1407598352-scaled.jpg\",\"contentUrl\":\"https:\\\/\\\/tales-of-trails.de\\\/wp-content\\\/uploads\\\/2023\\\/02\\\/PXL_20230204_1407598352-scaled.jpg\",\"width\":2560,\"height\":1440},{\"@type\":\"BreadcrumbList\",\"@id\":\"https:\\\/\\\/tales-of-trails.de\\\/?page_id=993#breadcrumb\",\"itemListElement\":[{\"@type\":\"ListItem\",\"position\":1,\"name\":\"Startseite\",\"item\":\"https:\\\/\\\/tales-of-trails.de\\\/\"},{\"@type\":\"ListItem\",\"position\":2,\"name\":\"Bayrischer Wald\"}]},{\"@type\":\"WebSite\",\"@id\":\"https:\\\/\\\/tales-of-trails.de\\\/#website\",\"url\":\"https:\\\/\\\/tales-of-trails.de\\\/\",\"name\":\"Tales-of-Trails\",\"description\":\"Berg & Outdoor Blog\",\"publisher\":{\"@id\":\"https:\\\/\\\/tales-of-trails.de\\\/#\\\/schema\\\/person\\\/0761aa4d67504a8d067762a47a7a1017\"},\"potentialAction\":[{\"@type\":\"SearchAction\",\"target\":{\"@type\":\"EntryPoint\",\"urlTemplate\":\"https:\\\/\\\/tales-of-trails.de\\\/?s={search_term_string}\"},\"query-input\":{\"@type\":\"PropertyValueSpecification\",\"valueRequired\":true,\"valueName\":\"search_term_string\"}}],\"inLanguage\":\"de\"},{\"@type\":[\"Person\",\"Organization\"],\"@id\":\"https:\\\/\\\/tales-of-trails.de\\\/#\\\/schema\\\/person\\\/0761aa4d67504a8d067762a47a7a1017\",\"name\":\"schwaiger\",\"image\":{\"@type\":\"ImageObject\",\"inLanguage\":\"de\",\"@id\":\"http:\\\/\\\/wordpress.goathead.de\\\/wp-content\\\/uploads\\\/2022\\\/01\\\/PXL_20211023_150529116.MP2_.jpg\",\"url\":\"http:\\\/\\\/wordpress.goathead.de\\\/wp-content\\\/uploads\\\/2022\\\/01\\\/PXL_20211023_150529116.MP2_.jpg\",\"contentUrl\":\"http:\\\/\\\/wordpress.goathead.de\\\/wp-content\\\/uploads\\\/2022\\\/01\\\/PXL_20211023_150529116.MP2_.jpg\",\"width\":679,\"height\":873,\"caption\":\"schwaiger\"},\"logo\":{\"@id\":\"http:\\\/\\\/wordpress.goathead.de\\\/wp-content\\\/uploads\\\/2022\\\/01\\\/PXL_20211023_150529116.MP2_.jpg\"},\"description\":\"Riding trails and stuff.... so I'am... I guess\",\"sameAs\":[\"https:\\\/\\\/www.vielfrass-engineering.de\"]}]}<\/script>\n<!-- \/ Yoast SEO plugin. -->","yoast_head_json":{"title":"Bayrischer Wald | Tales-of-Trails","description":"Der Bayerische Wald ist ein wundersch\u00f6nes Gebirge im S\u00fcdosten Deutschlands und bietet einzigartige Naturerlebnisse.","robots":{"index":"index","follow":"follow","max-snippet":"max-snippet:-1","max-image-preview":"max-image-preview:large","max-video-preview":"max-video-preview:-1"},"canonical":"https:\/\/tales-of-trails.de\/?page_id=993","og_locale":"de_DE","og_type":"article","og_title":"Bayrischer Wald | Tales-of-Trails","og_description":"Der Bayerische Wald ist ein wundersch\u00f6nes Gebirge im S\u00fcdosten Deutschlands und bietet einzigartige Naturerlebnisse.","og_url":"https:\/\/tales-of-trails.de\/?page_id=993","og_site_name":"Tales-of-Trails","article_modified_time":"2023-03-19T13:50:56+00:00","og_image":[{"width":2560,"height":1440,"url":"https:\/\/tales-of-trails.de\/wp-content\/uploads\/2023\/02\/PXL_20230204_1407598352-scaled.jpg","type":"image\/jpeg"}],"twitter_card":"summary_large_image","twitter_misc":{"Gesch\u00e4tzte Lesezeit":"2\u00a0Minuten"},"schema":{"@context":"https:\/\/schema.org","@graph":[{"@type":"WebPage","@id":"https:\/\/tales-of-trails.de\/?page_id=993","url":"https:\/\/tales-of-trails.de\/?page_id=993","name":"Bayrischer Wald | Tales-of-Trails","isPartOf":{"@id":"https:\/\/tales-of-trails.de\/#website"},"primaryImageOfPage":{"@id":"https:\/\/tales-of-trails.de\/?page_id=993#primaryimage"},"image":{"@id":"https:\/\/tales-of-trails.de\/?page_id=993#primaryimage"},"thumbnailUrl":"https:\/\/tales-of-trails.de\/wp-content\/uploads\/2023\/02\/PXL_20230204_1407598352-scaled.jpg","datePublished":"2023-03-19T11:30:33+00:00","dateModified":"2023-03-19T13:50:56+00:00","description":"Der Bayerische Wald ist ein wundersch\u00f6nes Gebirge im S\u00fcdosten Deutschlands und bietet einzigartige Naturerlebnisse.","breadcrumb":{"@id":"https:\/\/tales-of-trails.de\/?page_id=993#breadcrumb"},"inLanguage":"de","potentialAction":[{"@type":"ReadAction","target":["https:\/\/tales-of-trails.de\/?page_id=993"]}]},{"@type":"ImageObject","inLanguage":"de","@id":"https:\/\/tales-of-trails.de\/?page_id=993#primaryimage","url":"https:\/\/tales-of-trails.de\/wp-content\/uploads\/2023\/02\/PXL_20230204_1407598352-scaled.jpg","contentUrl":"https:\/\/tales-of-trails.de\/wp-content\/uploads\/2023\/02\/PXL_20230204_1407598352-scaled.jpg","width":2560,"height":1440},{"@type":"BreadcrumbList","@id":"https:\/\/tales-of-trails.de\/?page_id=993#breadcrumb","itemListElement":[{"@type":"ListItem","position":1,"name":"Startseite","item":"https:\/\/tales-of-trails.de\/"},{"@type":"ListItem","position":2,"name":"Bayrischer Wald"}]},{"@type":"WebSite","@id":"https:\/\/tales-of-trails.de\/#website","url":"https:\/\/tales-of-trails.de\/","name":"Tales-of-Trails","description":"Berg & Outdoor Blog","publisher":{"@id":"https:\/\/tales-of-trails.de\/#\/schema\/person\/0761aa4d67504a8d067762a47a7a1017"},"potentialAction":[{"@type":"SearchAction","target":{"@type":"EntryPoint","urlTemplate":"https:\/\/tales-of-trails.de\/?s={search_term_string}"},"query-input":{"@type":"PropertyValueSpecification","valueRequired":true,"valueName":"search_term_string"}}],"inLanguage":"de"},{"@type":["Person","Organization"],"@id":"https:\/\/tales-of-trails.de\/#\/schema\/person\/0761aa4d67504a8d067762a47a7a1017","name":"schwaiger","image":{"@type":"ImageObject","inLanguage":"de","@id":"http:\/\/wordpress.goathead.de\/wp-content\/uploads\/2022\/01\/PXL_20211023_150529116.MP2_.jpg","url":"http:\/\/wordpress.goathead.de\/wp-content\/uploads\/2022\/01\/PXL_20211023_150529116.MP2_.jpg","contentUrl":"http:\/\/wordpress.goathead.de\/wp-content\/uploads\/2022\/01\/PXL_20211023_150529116.MP2_.jpg","width":679,"height":873,"caption":"schwaiger"},"logo":{"@id":"http:\/\/wordpress.goathead.de\/wp-content\/uploads\/2022\/01\/PXL_20211023_150529116.MP2_.jpg"},"description":"Riding trails and stuff.... so I'am... I guess","sameAs":["https:\/\/www.vielfrass-engineering.de"]}]}},"_links":{"self":[{"href":"https:\/\/tales-of-trails.de\/index.php?rest_route=\/wp\/v2\/pages\/993","targetHints":{"allow":["GET"]}}],"collection":[{"href":"https:\/\/tales-of-trails.de\/index.php?rest_route=\/wp\/v2\/pages"}],"about":[{"href":"https:\/\/tales-of-trails.de\/index.php?rest_route=\/wp\/v2\/types\/page"}],"author":[{"embeddable":true,"href":"https:\/\/tales-of-trails.de\/index.php?rest_route=\/wp\/v2\/users\/2"}],"replies":[{"embeddable":true,"href":"https:\/\/tales-of-trails.de\/index.php?rest_route=%2Fwp%2Fv2%2Fcomments&post=993"}],"version-history":[{"count":4,"href":"https:\/\/tales-of-trails.de\/index.php?rest_route=\/wp\/v2\/pages\/993\/revisions"}],"predecessor-version":[{"id":1002,"href":"https:\/\/tales-of-trails.de\/index.php?rest_route=\/wp\/v2\/pages\/993\/revisions\/1002"}],"wp:featuredmedia":[{"embeddable":true,"href":"https:\/\/tales-of-trails.de\/index.php?rest_route=\/wp\/v2\/media\/958"}],"wp:attachment":[{"href":"https:\/\/tales-of-trails.de\/index.php?rest_route=%2Fwp%2Fv2%2Fmedia&parent=993"}],"curies":[{"name":"wp","href":"https:\/\/api.w.org\/{rel}","templated":true}]}}